{"id":26,"date":"2021-05-25T10:14:21","date_gmt":"2021-05-25T10:14:21","guid":{"rendered":"https:\/\/razglednica.leokosak.from.hr\/index.php\/biography\/"},"modified":"2023-03-28T09:59:43","modified_gmt":"2023-03-28T09:59:43","slug":"atrakcije","status":"publish","type":"page","link":"https:\/\/razglednica.leokosak.from.hr\/index.php\/atrakcije\/","title":{"rendered":"Atrakcije"},"content":{"rendered":"<style>\/*! elementor - v3.11.5 - 14-03-2023 *\/\n.elementor-widget-divider{--divider-border-style:none;--divider-border-width:1px;--divider-color:#2c2c2c;--divider-icon-size:20px;--divider-element-spacing:10px;--divider-pattern-height:24px;--divider-pattern-size:20px;--divider-pattern-url:none;--divider-pattern-repeat:repeat-x}.elementor-widget-divider .elementor-divider{display:flex}.elementor-widget-divider .elementor-divider__text{font-size:15px;line-height:1;max-width:95%}.elementor-widget-divider .elementor-divider__element{margin:0 var(--divider-element-spacing);flex-shrink:0}.elementor-widget-divider .elementor-icon{font-size:var(--divider-icon-size)}.elementor-widget-divider .elementor-divider-separator{display:flex;margin:0;direction:ltr}.elementor-widget-divider--view-line_icon .elementor-divider-separator,.elementor-widget-divider--view-line_text .elementor-divider-separator{align-items:center}.elementor-widget-divider--view-line_icon .elementor-divider-separator:after,.elementor-widget-divider--view-line_icon .elementor-divider-separator:before,.elementor-widget-divider--view-line_text .elementor-divider-separator:after,.elementor-widget-divider--view-line_text .elementor-divider-separator:before{display:block;content:\"\";border-bottom:0;flex-grow:1;border-top:var(--divider-border-width) var(--divider-border-style) var(--divider-color)}.elementor-widget-divider--element-align-left .elementor-divider .elementor-divider-separator>.elementor-divider__svg:first-of-type{flex-grow:0;flex-shrink:100}.elementor-widget-divider--element-align-left .elementor-divider-separator:before{content:none}.elementor-widget-divider--element-align-left .elementor-divider__element{margin-left:0}.elementor-widget-divider--element-align-right .elementor-divider .elementor-divider-separator>.elementor-divider__svg:last-of-type{flex-grow:0;flex-shrink:100}.elementor-widget-divider--element-align-right .elementor-divider-separator:after{content:none}.elementor-widget-divider--element-align-right .elementor-divider__element{margin-right:0}.elementor-widget-divider:not(.elementor-widget-divider--view-line_text):not(.elementor-widget-divider--view-line_icon) .elementor-divider-separator{border-top:var(--divider-border-width) var(--divider-border-style) var(--divider-color)}.elementor-widget-divider--separator-type-pattern{--divider-border-style:none}.elementor-widget-divider--separator-type-pattern.elementor-widget-divider--view-line .elementor-divider-separator,.elementor-widget-divider--separator-type-pattern:not(.elementor-widget-divider--view-line) .elementor-divider-separator:after,.elementor-widget-divider--separator-type-pattern:not(.elementor-widget-divider--view-line) .elementor-divider-separator:before,.elementor-widget-divider--separator-type-pattern:not([class*=elementor-widget-divider--view]) .elementor-divider-separator{width:100%;min-height:var(--divider-pattern-height);-webkit-mask-size:var(--divider-pattern-size) 100%;mask-size:var(--divider-pattern-size) 100%;-webkit-mask-repeat:var(--divider-pattern-repeat);mask-repeat:var(--divider-pattern-repeat);background-color:var(--divider-color);-webkit-mask-image:var(--divider-pattern-url);mask-image:var(--divider-pattern-url)}.elementor-widget-divider--no-spacing{--divider-pattern-size:auto}.elementor-widget-divider--bg-round{--divider-pattern-repeat:round}.rtl .elementor-widget-divider .elementor-divider__text{direction:rtl}.e-con-inner>.elementor-widget-divider,.e-con>.elementor-widget-divider{width:var(--container-widget-width,100%);--flex-grow:var(--container-widget-flex-grow)}<\/style>\n<style>\/*! elementor - v3.11.5 - 14-03-2023 *\/\n.elementor-heading-title{padding:0;margin:0;line-height:1}.elementor-widget-heading .elementor-heading-title[class*=elementor-size-]>a{color:inherit;font-size:inherit;line-height:inherit}.elementor-widget-heading .elementor-heading-title.elementor-size-small{font-size:15px}.elementor-widget-heading .elementor-heading-title.elementor-size-medium{font-size:19px}.elementor-widget-heading .elementor-heading-title.elementor-size-large{font-size:29px}.elementor-widget-heading .elementor-heading-title.elementor-size-xl{font-size:39px}.elementor-widget-heading .elementor-heading-title.elementor-size-xxl{font-size:59px}<\/style>\n<h1>Atrakcije<\/h1>\n<style>\/*! elementor - v3.11.5 - 14-03-2023 *\/\n.elementor-widget-image{text-align:center}.elementor-widget-image a{display:inline-block}.elementor-widget-image a img[src$=\".svg\"]{width:48px}.elementor-widget-image img{vertical-align:middle;display:inline-block}<\/style>\n<p>\t\t\t\t\t\t\t\t\t\t\t\t<img decoding=\"async\" width=\"1600\" height=\"900\" src=\"https:\/\/razglednica.leokosak.from.hr\/wp-content\/uploads\/2023\/03\/8f6ef310-c9ea-4deb-9ec1-9874cfaddefa.jpg\" alt=\"\" loading=\"lazy\" srcset=\"https:\/\/razglednica.leokosak.from.hr\/wp-content\/uploads\/2023\/03\/8f6ef310-c9ea-4deb-9ec1-9874cfaddefa.jpg 1600w, https:\/\/razglednica.leokosak.from.hr\/wp-content\/uploads\/2023\/03\/8f6ef310-c9ea-4deb-9ec1-9874cfaddefa-300x169.jpg 300w, https:\/\/razglednica.leokosak.from.hr\/wp-content\/uploads\/2023\/03\/8f6ef310-c9ea-4deb-9ec1-9874cfaddefa-1024x576.jpg 1024w, https:\/\/razglednica.leokosak.from.hr\/wp-content\/uploads\/2023\/03\/8f6ef310-c9ea-4deb-9ec1-9874cfaddefa-768x432.jpg 768w, https:\/\/razglednica.leokosak.from.hr\/wp-content\/uploads\/2023\/03\/8f6ef310-c9ea-4deb-9ec1-9874cfaddefa-1536x864.jpg 1536w\" sizes=\"auto, (max-width: 1600px) 100vw, 1600px\" \/>\t\t\t\t\t\t\t\t\t\t\t\t\t\t\t<\/p>\n<h3>Zadar &#8211; odaberite scenarij za svoj odmor iz snova<\/h3>\n<p>Zadar je poput muzeja na otvorenomu, u kojemu njegovom rasko\u0161nom i stalnom muzejskom postavom \u2013 poput nekog vodi\u010da \u2013 vode \u017eivopisne ulice i uske uli\u010dice. Gradske su zidine drevni \u010duvari tog povijesnog muzeja, a kada \u0161etnja odmakne ne\u0161to dalje od bedema, nove gradske atrakcije poput Pozdrava suncu ili Morskih orgulja svjedo\u010de o gradu i neuni\u0161tivoj inspiraciji.<\/p>\n<style>\/*! elementor - v3.11.5 - 14-03-2023 *\/\n.elementor-widget-image-box .elementor-image-box-content{width:100%}@media (min-width:768px){.elementor-widget-image-box.elementor-position-left .elementor-image-box-wrapper,.elementor-widget-image-box.elementor-position-right .elementor-image-box-wrapper{display:flex}.elementor-widget-image-box.elementor-position-right .elementor-image-box-wrapper{text-align:right;flex-direction:row-reverse}.elementor-widget-image-box.elementor-position-left .elementor-image-box-wrapper{text-align:left;flex-direction:row}.elementor-widget-image-box.elementor-position-top .elementor-image-box-img{margin:auto}.elementor-widget-image-box.elementor-vertical-align-top .elementor-image-box-wrapper{align-items:flex-start}.elementor-widget-image-box.elementor-vertical-align-middle .elementor-image-box-wrapper{align-items:center}.elementor-widget-image-box.elementor-vertical-align-bottom .elementor-image-box-wrapper{align-items:flex-end}}@media (max-width:767px){.elementor-widget-image-box .elementor-image-box-img{margin-left:auto!important;margin-right:auto!important;margin-bottom:15px}}.elementor-widget-image-box .elementor-image-box-img{display:inline-block}.elementor-widget-image-box .elementor-image-box-title a{color:inherit}.elementor-widget-image-box .elementor-image-box-wrapper{text-align:center}.elementor-widget-image-box .elementor-image-box-description{margin:0}<\/style>\n<figure><img decoding=\"async\" width=\"1400\" height=\"933\" src=\"https:\/\/razglednica.leokosak.from.hr\/wp-content\/uploads\/2023\/03\/Riva-jesen-foto-Roberto-Lerga-Zadar-thumb.jpg\" alt=\"\" loading=\"lazy\" \/><\/figure>\n<p>Kao turisti\u010dko odredi\u0161te s vi\u0161estoljetnom tradicijom, Zadar je grad otvoren za sve putnike.\t\t<\/p>\n<h2>Muzeji<\/h2>\n<p>Od najdavnijih vremena kada su stvarane prve \u017eive kulture, a sada tek nijeme krhotine postojanja \u010dovjeka, do suvremenih i apstraktnih promi\u0161ljanja prirode svega, \u010dovjek je ostavio trag u vremenu i prostoru.<\/p>\n<figure><img decoding=\"async\" width=\"1400\" height=\"892\" src=\"https:\/\/razglednica.leokosak.from.hr\/wp-content\/uploads\/2023\/03\/nmz_zadar-thumb.jpg\" alt=\"\" loading=\"lazy\" \/><\/figure>\n<h4>Narodni muzej Zadar<\/h4>\n<p>Ponosni \u010duvar tradicije i kulturne ba\u0161tine ljudi zadarskog kraja, danas Narodni muzej Zadar u svojem sastavu ima \u010detiri odjela &#8211; Prirodoslovni odjel, Etnolo\u0161ki odjel, odjel Muzej grada Zadra, Galeriju umjetnina; dvije podru\u010dne zbirke &#8211; Etnografsku zbirku Veli I\u017e i Kulturno-povijesnu zbirku Mali I\u017e; tri izlo\u017ebena paviljona, ujedno i spomenike kulture &#8211; Gradsku lo\u017eu, Kne\u017eevu pala\u010du i posjetiteljski centar Mali arsenal; dvije stru\u010dne slu\u017ebe &#8211; Dokumentacijsku i Pedago\u0161ku slu\u017ebu, te tajni\u0161tvo i ra\u010dunovodstvo kao op\u0107e slu\u017ebe.<\/p>\n<figure><img decoding=\"async\" width=\"828\" height=\"552\" src=\"https:\/\/razglednica.leokosak.from.hr\/wp-content\/uploads\/2023\/03\/Antika-Arheoloski-muzej-Zadar-archaeological-museum-Large-thumb.jpg\" alt=\"\" loading=\"lazy\" \/><\/figure>\n<h4>Arheolo\u0161ki muzej<\/h4>\n<p>Arheolo\u0161ki muzej je najstariji zadarski muzej i drugi najstariji u Hrvatskoj. Osnovan je 1832. godine kao op\u0107i Narodni muzej, a danas \u010duva vi\u0161e od 100.000 arheolo\u0161kih predmeta iz svih kulturnih i povijesnih razdoblja od paleolitika do kraja 11. stolje\u0107a. Muzej ima i svoje glasilo, a ve\u0107 gotovo 60 godina u sklopu preparatorske radionice bavi se i ru\u010dnom izradom suvenira \u2013 amfora, posuda, fibula, nakita i drugog vrijednog muzejskog materijala.<\/p>\n<figure><img decoding=\"async\" width=\"1400\" height=\"933\" src=\"https:\/\/razglednica.leokosak.from.hr\/wp-content\/uploads\/2023\/03\/092-Knezeva-palaca-Zadar-foto-Stipe-Surac_1185x790-thumb.jpg\" alt=\"\" loading=\"lazy\" \/><\/figure>\n<h4>Kne\u017eeva pala\u010da<\/h4>\n<p>Pala\u010da se prostire na 2000 \u010detvornih metara i na jednom mjestu objedinjuje muzejski prostor, atrij, koncertnu dvoranu, dvorane za privremene izlo\u017ebe, video galeriju, multimedijalnu dvoranu te prostore za edukaciju i kreativno izra\u017eavanje. Arhitektura pala\u010de, ambijentalnost prostora i slikovitost okru\u017eenja dodatna je zanimljivost za ljubitelje kulture. Kao polivalentni kulturni centar svojim programom nastoji obuhvatiti interese razli\u010ditih posjetitelja.<\/p>\n<figure><img decoding=\"async\" width=\"1400\" height=\"933\" src=\"https:\/\/razglednica.leokosak.from.hr\/wp-content\/uploads\/2023\/03\/130-Muzej-antickog-stakla-Zadar-foto-Stipe-Surac_1185x790-thumb.jpg\" alt=\"\" loading=\"lazy\" \/><\/figure>\n<h4>Muzej anti\u010dkog stakla<\/h4>\n<p>Muzej anti\u010dkog stakla u Zadru ima rasko\u0161nu suvenirnicu u kojoj se mogu kupiti publikacije i posebno suveniri izra\u0111eni u staklarskim muzejskim radionicama metodom ru\u010dnog puhanja, kao replike anti\u010dkog stakla. Ima stalni postav i atraktivnu staklarsku radionicu u kojoj se metodom ru\u010dnog puhanja izra\u0111uju replike anti\u010dkog stakla.  <\/p>\n<style>\/*! elementor - v3.11.5 - 14-03-2023 *\/\n.elementor-column .elementor-spacer-inner{height:var(--spacer-size)}.e-con{--container-widget-width:100%}.e-con-inner>.elementor-widget-spacer,.e-con>.elementor-widget-spacer{width:var(--container-widget-width,var(--spacer-size));--align-self:var(--container-widget-align-self,initial);--flex-shrink:0}.e-con-inner>.elementor-widget-spacer>.elementor-widget-container,.e-con-inner>.elementor-widget-spacer>.elementor-widget-container>.elementor-spacer,.e-con>.elementor-widget-spacer>.elementor-widget-container,.e-con>.elementor-widget-spacer>.elementor-widget-container>.elementor-spacer{height:100%}.e-con-inner>.elementor-widget-spacer>.elementor-widget-container>.elementor-spacer>.elementor-spacer-inner,.e-con>.elementor-widget-spacer>.elementor-widget-container>.elementor-spacer>.elementor-spacer-inner{height:var(--container-widget-height,var(--spacer-size))}<\/style>\n<h2>Crkve<\/h2>\n<p>Kada je legendarni putnik Jazon sa svojim Argonautima osnovao Zadar, kako to tvrdi jedan zadarski pjesnik, mo\u017eda je prvi ugra\u0111eni kamen u njegove temelje bio sveti\u0161te.<\/p>\n<figure><img decoding=\"async\" width=\"1400\" height=\"934\" src=\"https:\/\/razglednica.leokosak.from.hr\/wp-content\/uploads\/2023\/03\/sveti_andrija_petar_zadar-thumb.jpg\" alt=\"\" loading=\"lazy\" \/><\/figure>\n<h4>Crkva svetoga Andrije<\/h4>\n<p>Crkva svetoga Andrije jednobrodna je s freskama iz 12. stolje\u0107a, a iza njezine apside je dvobrodna crkva svetoga Petra starog koji je prvotno slu\u017eio kao oratorij. Nastanak tog oratorija vezuje se uz 5. stolje\u0107e, pa je uz oratorij Zadarske katedrale najstariji dosad prona\u0111eni ranokr\u0161\u0107anski kultni objekt unutar zidina rimskog Zadra. U predromani\u010dkom razdoblju pretvoren je u dvobrodnu crkvu.<\/p>\n<figure><img decoding=\"async\" width=\"1400\" height=\"933\" src=\"https:\/\/razglednica.leokosak.from.hr\/wp-content\/uploads\/2023\/03\/Sv.-Sime-TZG-Zadar-thumb.jpg\" alt=\"\" loading=\"lazy\" \/><\/figure>\n<h4>Crkva svetog \u0160ime<\/h4>\n<p>\u0160krinja u crkvi svetoga \u0160ime iznimno je vrijedno zlatarsko djelo koje je dala napraviti ugarsko-hrvatska kraljica Elizabeta za relikviju svetoga \u0160ime. Izradio ju je zlatar Franjo iz Milana, koji je tada \u017eivio u Zadru, a ju\u017eno od crkve svetoga \u0160ime nalazi se rimski stup postavljen 1729. godine, sastavljen od dvaju stupova gradskog hrama \u0161to su se bili sa\u010duvali na kapitoliju na Forumu.\n<\/p>\n<figure><img decoding=\"async\" width=\"1400\" height=\"933\" src=\"https:\/\/razglednica.leokosak.from.hr\/wp-content\/uploads\/2023\/03\/252-Sv.-Frane-Zadar-foto-Stipe-Surac_1185x790-thumb.jpg\" alt=\"\" loading=\"lazy\" \/><\/figure>\n<h4>Crkva svetoga Frane<\/h4>\n<p>Crkva svetoga Frane predstavlja tip goti\u010dke redovni\u010dke crkve koju karakterizira jednobrodni prostor s podignutim sveti\u0161tem. U ure\u0111enoj riznici do povijesno slavne sakristije, nalazi se umjetni\u010dka zbirka s velikim brojem eksponata od kojih se najvrjednijim dr\u017ei slikano raspelo iz 12. stolje\u0107a. Ju\u017eno do crkve, renesansni je klaustar sagra\u0111en 1556. godine s bogatom bibliotekom. <\/p>\n<figure><img decoding=\"async\" width=\"1400\" height=\"933\" src=\"https:\/\/razglednica.leokosak.from.hr\/wp-content\/uploads\/2023\/03\/255-Sv.-Marija-Zadar-foto-Stipe-Surac_1185x790-thumb.jpg\" alt=\"\" loading=\"lazy\" \/><\/figure>\n<h4>Crkva svete Marije<\/h4>\n<p>Najljep\u0161i dio crkve i benediktinskog samostana svete Marije je zvonik u originalnoj romani\u010dkoj varijanti, dok su crkva i samostan najpoznatiji po stalnoj izlo\u017ebi crkvene umjetnosti \u2013 Zlato i srebro grada Zadra \u2013 s oko 200 predmeta koji datiraju iz 8. do 18. stolje\u0107a. Izlo\u017eba je jedna od najvrjednijih u Hrvatskoj, a mogu se, me\u0111u ostalim, vidjeti relikvijari svetoga Aroncija i svetoga Jakova iz 9. stolje\u0107a te slike Vittorea Carpaccija ili Palma mla\u0111ega.<\/p>\n<h2>Trgovi<\/h2>\n<p>Ulomci i tragovi iz pro\u0161losti otkrivaju drevnost grada Zadra, a dinami\u010dni trgovi urbani identitet grada i njegovu su\u0161tinsku ukorijenjenost u mediteransku i europsku kulturu. Zadar je grad trgova na kojima se sve saznaje i doga\u0111a.<\/p>\n<figure><img decoding=\"async\" width=\"1400\" height=\"789\" src=\"https:\/\/razglednica.leokosak.from.hr\/wp-content\/uploads\/2023\/03\/Marin-Pitton-Zadar-29.01.2016-0385_1680_947-thumb.jpg\" alt=\"\" loading=\"lazy\" \/><\/figure>\n<h4>Trg Petra Zorani\u0107a<\/h4>\n<p>Trg Petra Zorani\u0107a smje\u0161ten je na jugoisto\u010dnoj strani Poluotoka u Zadru, s ju\u017ene strane ome\u0111en bastionom iz 16. stolje\u0107a, a Providurovom pala\u010dom sa sjeverozapadne strane. Nekada su tu bila anti\u010dka gradska vrata s monumentalnim slavolukom, a njezini o\u010duvani i za\u0161ti\u0107eni ostaci s novim ulomcima iz prohujalih vremena, svjedo\u010de o kontinuitetu gradskog identiteta i otvorenosti za nove sadr\u017eaje. <\/p>\n<figure><img decoding=\"async\" width=\"1400\" height=\"928\" src=\"https:\/\/razglednica.leokosak.from.hr\/wp-content\/uploads\/2023\/03\/Zadar-HTZ-color-correction-foto-Ivo-Biocina-22_1585_1050-thumb.jpg\" alt=\"\" loading=\"lazy\" \/><\/figure>\n<h4>Trg pet bunara<\/h4>\n<p>Trg pet bunara u Zadru izgra\u0111en je 1574. godine u vrijeme opsada vojske Osmanskog Carstva, kada je pokriven obrambeni jarak sa zapadne strane bastiona, ranije iskopan u srednjem vijeku. Na njegovom mjestu nastala je velika cisterna za pitku vodu s pet ukra\u0161enih vijenaca ili bunara, a sa\u010duvani su i dijelovi akvadukta kojim se voda dovodila izravno s jezera Vrana. Nakon \u0161to je pro\u0161la opasnost, na tom je mjestu izgra\u0111en za\u0161titni bedem.<br \/>\n.\n<\/p>\n<figure><img decoding=\"async\" width=\"1400\" height=\"933\" src=\"https:\/\/razglednica.leokosak.from.hr\/wp-content\/uploads\/2023\/03\/Trg_Narodni_Zadar_Stipe_Surac-thumb.jpg\" alt=\"\" loading=\"lazy\" \/><\/figure>\n<h4>Narodni trg<\/h4>\n<p>Narodni trg u Zadru srednjovjekovna je Platea Magna, sredi\u0161te \u017eivota u gradu i dana\u0161nji centar gradske uprave s Gradskom lo\u017eom. S Narodnog trga putovi vode u svim smjerovima; prema Kalelargi, rivi, Trgu pet bunara ili tr\u017enici i ribarnici.  U Gradskoj lo\u017ei na Narodnom trgu, izgra\u0111enoj jo\u0161 u 13. stolje\u0107u, okupljali su se Zadrani i raspravljali o najva\u017enijim gradskim stvarima, dok se s druge strane nalazi Gradska stra\u017ea iz polovice 16. stolje\u0107a sa satom na tornju koji neprekidno radi od 1803. godine.<\/p>\n<figure><img decoding=\"async\" width=\"1400\" height=\"787\" src=\"https:\/\/razglednica.leokosak.from.hr\/wp-content\/uploads\/2023\/03\/Ivan-Coric-Zadar-2014-2016-bez-watermarka-10_1680_945-thumb.jpg\" alt=\"\" loading=\"lazy\" \/><\/figure>\n<h4>Forum<\/h4>\n<p>Od prvog stolje\u0107a prije Krista Forum je glavno okupljali\u0161te rimskih vojnika, religioznih ljudi, \u010dinovnika Republike i potom Carstva, kao i trgovaca te svih Zadrana u anti\u010dko vrijeme. U vrijeme svojega punog sjaja, Forum je s tri strane bio okru\u017een veli\u010danstvenim trijemom. Nezaobilazna je \u0161etnica i jedan od simbola grada.<\/p>\n","protected":false},"excerpt":{"rendered":"<p>Atrakcije Zadar &#8211; odaberite scenarij za svoj odmor iz snova Zadar je poput muzeja na otvorenomu, u kojemu njegovom rasko\u0161nom i stalnom muzejskom postavom \u2013 poput nekog vodi\u010da \u2013 vode \u017eivopisne ulice i uske uli\u010dice. Gradske su zidine drevni \u010duvari tog povijesnog muzeja, a kada \u0161etnja odmakne ne\u0161to dalje od bedema, nove gradske atrakcije poput &hellip;<\/p>\n<p class=\"read-more\"> <a class=\"\" href=\"https:\/\/razglednica.leokosak.from.hr\/index.php\/atrakcije\/\"> <span class=\"screen-reader-text\">Atrakcije<\/span> Read More &raquo;<\/a><\/p>\n","protected":false},"author":1,"featured_media":0,"parent":0,"menu_order":0,"comment_status":"closed","ping_status":"closed","template":"","meta":{"site-sidebar-layout":"no-sidebar","site-content-layout":"page-builder","ast-global-header-display":"","ast-main-header-display":"","ast-hfb-above-header-display":"","ast-hfb-below-header-display":"","ast-hfb-mobile-header-display":"","site-post-title":"disabled","ast-breadcrumbs-content":"disabled","ast-featured-img":"disabled","footer-sml-layout":"","theme-transparent-header-meta":"enabled","adv-header-id-meta":"","stick-header-meta":"","header-above-stick-meta":"","header-main-stick-meta":"","header-below-stick-meta":"","footnotes":""},"class_list":["post-26","page","type-page","status-publish","hentry"],"_links":{"self":[{"href":"https:\/\/razglednica.leokosak.from.hr\/index.php\/wp-json\/wp\/v2\/pages\/26","targetHints":{"allow":["GET"]}}],"collection":[{"href":"https:\/\/razglednica.leokosak.from.hr\/index.php\/wp-json\/wp\/v2\/pages"}],"about":[{"href":"https:\/\/razglednica.leokosak.from.hr\/index.php\/wp-json\/wp\/v2\/types\/page"}],"author":[{"embeddable":true,"href":"https:\/\/razglednica.leokosak.from.hr\/index.php\/wp-json\/wp\/v2\/users\/1"}],"replies":[{"embeddable":true,"href":"https:\/\/razglednica.leokosak.from.hr\/index.php\/wp-json\/wp\/v2\/comments?post=26"}],"version-history":[{"count":8,"href":"https:\/\/razglednica.leokosak.from.hr\/index.php\/wp-json\/wp\/v2\/pages\/26\/revisions"}],"predecessor-version":[{"id":1921,"href":"https:\/\/razglednica.leokosak.from.hr\/index.php\/wp-json\/wp\/v2\/pages\/26\/revisions\/1921"}],"wp:attachment":[{"href":"https:\/\/razglednica.leokosak.from.hr\/index.php\/wp-json\/wp\/v2\/media?parent=26"}],"curies":[{"name":"wp","href":"https:\/\/api.w.org\/{rel}","templated":true}]}}